{"id":3,"date":"2025-12-29T23:33:18","date_gmt":"2025-12-29T23:33:18","guid":{"rendered":"https:\/\/zignus.mx\/?page_id=3"},"modified":"2026-01-26T20:49:09","modified_gmt":"2026-01-26T20:49:09","slug":"politica-privacidad","status":"publish","type":"page","link":"https:\/\/zignus.mx\/index.php\/politica-privacidad\/","title":{"rendered":"Pol\u00edtica de privacidad"},"content":{"rendered":"\t\t<div data-elementor-type=\"wp-page\" data-elementor-id=\"3\" class=\"elementor elementor-3\" data-elementor-post-type=\"page\">\n\t\t\t\t<div class=\"elementor-element elementor-element-578f56d8 e-flex e-con-boxed e-con e-parent\" data-id=\"578f56d8\" data-element_type=\"container\">\n\t\t\t\t\t<div class=\"e-con-inner\">\n\t\t\t\t<div class=\"elementor-element elementor-element-16372ef0 elementor-widget elementor-widget-text-editor\" data-id=\"16372ef0\" data-element_type=\"widget\" data-widget_type=\"text-editor.default\">\n\t\t\t\t\t\t\t\t\t<h3 style=\"text-align: center;\"><strong>Pol\u00edtica de privacidad de <span style=\"color: #d63991;\">Zignus.mx<\/span><\/strong><\/h3>\n<p style=\"text-align: center;\"><strong>Responsable de la protecci\u00f3n de tus datos personales<\/strong><\/p>\t\t\t\t\t\t\t\t<\/div>\n\t\t\t\t\t<\/div>\n\t\t\t\t<\/div>\n\t\t<div class=\"elementor-element elementor-element-6c4591d e-flex e-con-boxed e-con e-parent\" data-id=\"6c4591d\" data-element_type=\"container\">\n\t\t\t\t\t<div class=\"e-con-inner\">\n\t\t\t\t<div class=\"elementor-element elementor-element-f4813ec elementor-widget elementor-widget-text-editor\" data-id=\"f4813ec\" data-element_type=\"widget\" data-widget_type=\"text-editor.default\">\n\t\t\t\t\t\t\t\t\t<p><span style=\"color: #000000;\">BrainTech S.A.P.I. de C.V<strong style=\"font-size: medium; font-style: normal; font-variant-ligatures: normal; font-variant-caps: normal;\" data-start=\"403\" data-end=\"433\">.<\/strong><span style=\"font-size: medium; font-style: normal; font-variant-ligatures: normal; font-variant-caps: normal; font-weight: 400;\">, y\/o cualquiera de sus subsidiarias y\/o afiliadas (en lo sucesivo <\/span>\u201cZ\u00edgnus\u201d<span style=\"font-size: medium; font-style: normal; font-variant-ligatures: normal; font-variant-caps: normal; font-weight: 400;\">), con domicilio para o\u00edr y recibir notificaciones en <\/span>Paseo de los \u00c9banos 862, int. 2, Flores del Valle, Veracruz<span style=\"font-size: medium; font-style: normal; font-variant-ligatures: normal; font-variant-caps: normal; font-weight: 400;\">, y portal de Internet https: www.zignus.mx\u00a0<\/span><span style=\"font-size: medium; font-style: normal; font-variant-ligatures: normal; font-variant-caps: normal; font-weight: 400;\">en cumplimiento a lo establecido por la <\/span>Ley Federal de Protecci\u00f3n de Datos Personales en Posesi\u00f3n de los Particulares<span style=\"font-size: medium; font-style: normal; font-variant-ligatures: normal; font-variant-caps: normal; font-weight: 400;\"> (en lo sucesivo la <\/span>\u201cLey\u201d<span style=\"font-size: medium; font-style: normal; font-variant-ligatures: normal; font-variant-caps: normal; font-weight: 400;\">) y su Reglamento, y con la finalidad de garantizar la privacidad y el derecho a la autodeterminaci\u00f3n informativa de sus clientes, usuarios y terceros relacionados, hace de su conocimiento la presente <\/span>Pol\u00edtica de Privacidad y Manejo de Datos Personales<span style=\"font-size: medium; font-style: normal; font-variant-ligatures: normal; font-variant-caps: normal; font-weight: 400;\">.<\/span><\/span><\/p>\t\t\t\t\t\t\t\t<\/div>\n\t\t\t\t\t<\/div>\n\t\t\t\t<\/div>\n\t\t<div class=\"elementor-element elementor-element-31766cf e-flex e-con-boxed e-con e-parent\" data-id=\"31766cf\" data-element_type=\"container\">\n\t\t\t\t\t<div class=\"e-con-inner\">\n\t\t\t\t<div class=\"elementor-element elementor-element-f0d3108 elementor-widget elementor-widget-text-editor\" data-id=\"f0d3108\" data-element_type=\"widget\" data-widget_type=\"text-editor.default\">\n\t\t\t\t\t\t\t\t\t<h4>1. Responsable del Tratamiento de los Datos Personales<\/h4>\n<p data-start=\"1125\" data-end=\"1341\"><span style=\"color: #000000;\">Z\u00edgnus es responsable del tratamiento, uso y protecci\u00f3n de los datos personales que recaba de sus usuarios, clientes, proveedores y personas relacionadas con el uso de la plataforma tecnol\u00f3gica de gesti\u00f3n documental.<\/span><\/p>\n<p data-start=\"1343\" data-end=\"1508\"><span style=\"color: #000000;\">Para cualquier asunto relacionado con esta Pol\u00edtica de Privacidad, el titular podr\u00e1 contactar a Z\u00edgnus a trav\u00e9s del correo electr\u00f3nico: <strong>hola<\/strong><strong>@zignus.mx<\/strong><\/span><\/p>\t\t\t\t\t\t\t\t<\/div>\n\t\t\t\t\t<\/div>\n\t\t\t\t<\/div>\n\t\t<div class=\"elementor-element elementor-element-ef2e476 e-flex e-con-boxed e-con e-parent\" data-id=\"ef2e476\" data-element_type=\"container\">\n\t\t\t\t\t<div class=\"e-con-inner\">\n\t\t\t\t<div class=\"elementor-element elementor-element-271d735 elementor-widget elementor-widget-text-editor\" data-id=\"271d735\" data-element_type=\"widget\" data-widget_type=\"text-editor.default\">\n\t\t\t\t\t\t\t\t\t<h4>2. Datos Personales que se Recaban<\/h4>\n<p data-start=\"1554\" data-end=\"1675\"><span style=\"color: #000000;\">Z\u00edgnus podr\u00e1 recabar los siguientes datos personales, de forma directa o indirecta, dependiendo del uso de la plataforma:<\/span><\/p>\n<ul>\n<li><span style=\"color: #000000;\">Datos de identificaci\u00f3n<\/span><\/li>\n<li data-start=\"1710\" data-end=\"1727\"><span style=\"color: #000000;\">Nombre completo<\/span><\/li>\n<li data-start=\"1730\" data-end=\"1750\"><span style=\"color: #000000;\">Correo electr\u00f3nico<\/span><\/li>\n<li data-start=\"1753\" data-end=\"1772\"><span style=\"color: #000000;\">N\u00famero telef\u00f3nico<\/span><\/li>\n<\/ul>\n<p data-start=\"1775\" data-end=\"1817\"><span style=\"color: #000000;\">Empresa, raz\u00f3n social o nombre comercial<\/span><\/p>\n<ul>\n<li data-start=\"1820\" data-end=\"1836\"><span style=\"color: #000000;\">Cargo o puesto<\/span><\/li>\n<li><span style=\"color: #000000;\">Datos laborales, empresariales y documentales<\/span><\/li>\n<li data-start=\"1893\" data-end=\"1948\"><span style=\"color: #000000;\">Documentaci\u00f3n legal, administrativa y de cumplimiento<\/span><\/li>\n<li data-start=\"1951\" data-end=\"2009\"><span style=\"color: #000000;\">Archivos cargados por el usuario dentro de la plataforma<\/span><\/li>\n<li data-start=\"2012\" data-end=\"2089\"><span style=\"color: #000000;\">Informaci\u00f3n relacionada con contratistas, proveedores o personal autorizado<\/span><\/li>\n<li data-start=\"2092\" data-end=\"2149\"><span style=\"color: #000000;\">Registros de acceso, uso y actividad dentro del sistema<\/span><\/li>\n<\/ul>\n<p data-start=\"2151\" data-end=\"2342\"><span style=\"color: #000000;\">Z\u00edgnus <strong data-start=\"2158\" data-end=\"2189\">no solicita datos sensibles<\/strong>, salvo que el propio usuario decida cargarlos como parte de su documentaci\u00f3n, siendo en ese caso responsabilidad del titular el contenido de los mismos.<\/span><\/p>\t\t\t\t\t\t\t\t<\/div>\n\t\t\t\t\t<\/div>\n\t\t\t\t<\/div>\n\t\t<div class=\"elementor-element elementor-element-974ee29 e-flex e-con-boxed e-con e-parent\" data-id=\"974ee29\" data-element_type=\"container\">\n\t\t\t\t\t<div class=\"e-con-inner\">\n\t\t\t\t<div class=\"elementor-element elementor-element-44afd6e elementor-widget elementor-widget-text-editor\" data-id=\"44afd6e\" data-element_type=\"widget\" data-widget_type=\"text-editor.default\">\n\t\t\t\t\t\t\t\t\t<h4>\u00a03. Finalidades de tratamiento<\/h4>\n<p data-start=\"2384\" data-end=\"2452\"><span style=\"color: #000000;\">Los datos personales ser\u00e1n tratados para las siguientes finalidades:<\/span><\/p>\n<p><span style=\"color: #000000;\">Finalidades primarias<\/span><\/p>\n<ul>\n<li data-start=\"2482\" data-end=\"2535\"><span style=\"color: #000000;\">Operar, administrar y mantener la plataforma Z\u00edgnus<\/span><\/li>\n<li data-start=\"2538\" data-end=\"2586\"><span style=\"color: #000000;\">Gestionar, almacenar y organizar documentaci\u00f3n<\/span><\/li>\n<li data-start=\"2589\" data-end=\"2636\"><span style=\"color: #000000;\">Verificar cumplimiento documental y normativo<\/span><\/li>\n<li data-start=\"2639\" data-end=\"2683\"><span style=\"color: #000000;\">Controlar accesos, permisos y trazabilidad<\/span><\/li>\n<li data-start=\"2686\" data-end=\"2733\"><span style=\"color: #000000;\">Brindar soporte t\u00e9cnico y atenci\u00f3n al cliente<\/span><\/li>\n<li data-start=\"2736\" data-end=\"2779\"><span style=\"color: #000000;\">Garantizar la seguridad de la informaci\u00f3n<\/span><\/li>\n<li><span style=\"color: #000000;\">Finalidades secundarias<\/span><\/li>\n<li data-start=\"2811\" data-end=\"2847\"><span style=\"color: #000000;\">Mejorar la experiencia del usuario<\/span><\/li>\n<li data-start=\"2850\" data-end=\"2911\"><span style=\"color: #000000;\">Generar estad\u00edsticas internas de uso (de forma anonimizada)<\/span><\/li>\n<li data-start=\"2914\" data-end=\"2981\"><span style=\"color: #000000;\">Env\u00edo de comunicaciones informativas relacionadas con el servicio<\/span><\/li>\n<\/ul>\n<p data-start=\"2983\" data-end=\"3115\"><span style=\"color: #000000;\">El titular podr\u00e1 <strong data-start=\"3000\" data-end=\"3070\">negar o revocar su consentimiento para las finalidades secundarias<\/strong> sin que ello afecte el uso de la plataforma.<\/span><\/p>\t\t\t\t\t\t\t\t<\/div>\n\t\t\t\t\t<\/div>\n\t\t\t\t<\/div>\n\t\t<div class=\"elementor-element elementor-element-9aa488a e-flex e-con-boxed e-con e-parent\" data-id=\"9aa488a\" data-element_type=\"container\">\n\t\t\t\t\t<div class=\"e-con-inner\">\n\t\t\t\t<div class=\"elementor-element elementor-element-94d55d2 elementor-widget elementor-widget-text-editor\" data-id=\"94d55d2\" data-element_type=\"widget\" data-widget_type=\"text-editor.default\">\n\t\t\t\t\t\t\t\t\t<h4><span style=\"color: #000000;\"><strong>4. Uso y Resguardo de Documentos<\/strong><\/span><\/h4>\n<p data-start=\"3159\" data-end=\"3207\"><span style=\"color: #000000;\">Los documentos cargados en la plataforma Z\u00edgnus:<\/span><\/p>\n<ul>\n<li data-start=\"3211\" data-end=\"3258\"><span style=\"color: #000000;\">Son propiedad del usuario que los proporciona<\/span><\/li>\n<li data-start=\"3261\" data-end=\"3324\"><span style=\"color: #000000;\">Son utilizados exclusivamente para la prestaci\u00f3n del servicio<\/span><\/li>\n<li data-start=\"3327\" data-end=\"3377\"><span style=\"color: #000000;\">No son analizados, explotados ni comercializados<\/span><\/li>\n<\/ul>\n<p data-start=\"3379\" data-end=\"3590\"><span style=\"color: #000000;\">Z\u00edgnus implementa <strong data-start=\"3397\" data-end=\"3457\">medidas de seguridad administrativas, t\u00e9cnicas y f\u00edsicas<\/strong> para proteger los datos personales y la informaci\u00f3n documental contra da\u00f1o, p\u00e9rdida, alteraci\u00f3n, destrucci\u00f3n o acceso no autorizado.<\/span><\/p>\t\t\t\t\t\t\t\t<\/div>\n\t\t\t\t\t<\/div>\n\t\t\t\t<\/div>\n\t\t<div class=\"elementor-element elementor-element-38d3a18 e-flex e-con-boxed e-con e-parent\" data-id=\"38d3a18\" data-element_type=\"container\">\n\t\t\t\t\t<div class=\"e-con-inner\">\n\t\t\t\t<div class=\"elementor-element elementor-element-043efab elementor-widget elementor-widget-text-editor\" data-id=\"043efab\" data-element_type=\"widget\" data-widget_type=\"text-editor.default\">\n\t\t\t\t\t\t\t\t\t<h4><span style=\"color: #000000;\">5. Transferencia de Datos Personales<\/span><\/h4>\n<p data-start=\"3638\" data-end=\"3726\"><span style=\"color: #000000;\">Z\u00edgnus <strong data-start=\"3645\" data-end=\"3690\">no transfiere datos personales a terceros<\/strong>, salvo en los siguientes supuestos:<\/span><\/p>\n<ul>\n<li data-start=\"3730\" data-end=\"3777\"><span style=\"color: #000000;\">Cuando sea requerido por autoridad competente<\/span><\/li>\n<li data-start=\"3780\" data-end=\"3933\"><span style=\"color: #000000;\">A proveedores tecnol\u00f3gicos necesarios para la operaci\u00f3n del servicio (hosting, seguridad, infraestructura), bajo estrictos acuerdos de confidencialidad<\/span><\/li>\n<li data-start=\"3936\" data-end=\"3986\"><span style=\"color: #000000;\">Cuando exista consentimiento expreso del titular<\/span><\/li>\n<\/ul>\n<p data-start=\"3988\" data-end=\"4097\"><span style=\"color: #000000;\">En ning\u00fan caso los datos ser\u00e1n vendidos o utilizados con fines comerciales distintos a los aqu\u00ed establecidos.<\/span><\/p>\t\t\t\t\t\t\t\t<\/div>\n\t\t\t\t\t<\/div>\n\t\t\t\t<\/div>\n\t\t<div class=\"elementor-element elementor-element-de27a91 e-flex e-con-boxed e-con e-parent\" data-id=\"de27a91\" data-element_type=\"container\">\n\t\t\t\t\t<div class=\"e-con-inner\">\n\t\t\t\t<div class=\"elementor-element elementor-element-ffbd9b2 elementor-widget elementor-widget-text-editor\" data-id=\"ffbd9b2\" data-element_type=\"widget\" data-widget_type=\"text-editor.default\">\n\t\t\t\t\t\t\t\t\t<h4>6. Derechos ARCO<\/h4>\n<p data-start=\"4125\" data-end=\"4211\"><span style=\"color: #000000;\">El titular de los datos personales podr\u00e1 ejercer en cualquier momento sus derechos de:<\/span><\/p>\n<ul>\n<li data-start=\"4215\" data-end=\"4227\"><span style=\"color: #000000;\"><strong data-start=\"4215\" data-end=\"4225\">Acceso<\/strong><\/span><\/li>\n<li data-start=\"4230\" data-end=\"4249\"><span style=\"color: #000000;\"><strong data-start=\"4230\" data-end=\"4247\">Rectificaci\u00f3n<\/strong><\/span><\/li>\n<li data-start=\"4252\" data-end=\"4269\"><span style=\"color: #000000;\"><strong data-start=\"4252\" data-end=\"4267\">Cancelaci\u00f3n<\/strong><\/span><\/li>\n<li data-start=\"4272\" data-end=\"4285\"><span style=\"color: #000000;\"><strong data-start=\"4272\" data-end=\"4285\">Oposici\u00f3n<\/strong><\/span><\/li>\n<\/ul>\n<p data-start=\"4287\" data-end=\"4385\"><span style=\"color: #000000;\">Para ejercer dichos derechos, deber\u00e1 enviar una solicitud al correo:<\/span><br data-start=\"4355\" data-end=\"4358\" \/><span style=\"color: #000000;\"><strong>hola<\/strong><strong>@zignus.mx<\/strong><\/span><\/p>\n<p data-start=\"4387\" data-end=\"4416\"><span style=\"color: #000000;\">La solicitud deber\u00e1 contener:<\/span><\/p>\n<ul>\n<li data-start=\"4419\" data-end=\"4439\"><span style=\"color: #000000;\">Nombre del titular<\/span><\/li>\n<li data-start=\"4442\" data-end=\"4472\"><span style=\"color: #000000;\">Medio para recibir respuesta<\/span><\/li>\n<li data-start=\"4475\" data-end=\"4516\"><span style=\"color: #000000;\">Descripci\u00f3n clara del derecho a ejercer<\/span><\/li>\n<li data-start=\"4519\" data-end=\"4560\"><span style=\"color: #000000;\">Documentaci\u00f3n que acredite su identidad<\/span><\/li>\n<\/ul>\n<p data-start=\"4562\" data-end=\"4629\"><span style=\"color: #000000;\">Z\u00edgnus dar\u00e1 respuesta conforme a los plazos establecidos en la Ley.<\/span><\/p>\t\t\t\t\t\t\t\t<\/div>\n\t\t\t\t\t<\/div>\n\t\t\t\t<\/div>\n\t\t<div class=\"elementor-element elementor-element-f9bb59b e-flex e-con-boxed e-con e-parent\" data-id=\"f9bb59b\" data-element_type=\"container\">\n\t\t\t\t\t<div class=\"e-con-inner\">\n\t\t\t\t<div class=\"elementor-element elementor-element-3fe3e91 elementor-widget elementor-widget-text-editor\" data-id=\"3fe3e91\" data-element_type=\"widget\" data-widget_type=\"text-editor.default\">\n\t\t\t\t\t\t\t\t\t<h4>7. Uso de Cookies y Tecnolog\u00edas Similares<\/h4>\n<p data-start=\"4682\" data-end=\"4869\"><span style=\"color: #000000;\">Z\u00edgnus podr\u00e1 utilizar cookies y tecnolog\u00edas similares para fines de autenticaci\u00f3n, seguridad y mejora de la experiencia de navegaci\u00f3n. El usuario podr\u00e1 deshabilitarlas desde su navegador.<\/span><\/p>\t\t\t\t\t\t\t\t<\/div>\n\t\t\t\t\t<\/div>\n\t\t\t\t<\/div>\n\t\t<div class=\"elementor-element elementor-element-71f5f24 e-flex e-con-boxed e-con e-parent\" data-id=\"71f5f24\" data-element_type=\"container\">\n\t\t\t\t\t<div class=\"e-con-inner\">\n\t\t\t\t<div class=\"elementor-element elementor-element-d5a9499 elementor-widget elementor-widget-text-editor\" data-id=\"d5a9499\" data-element_type=\"widget\" data-widget_type=\"text-editor.default\">\n\t\t\t\t\t\t\t\t\t<h4>8. Conservaci\u00f3n de los Datos<\/h4>\n<p data-start=\"4909\" data-end=\"5153\"><span style=\"color: #000000;\">Los datos personales ser\u00e1n conservados \u00fanicamente durante el tiempo que sea necesario para cumplir con las finalidades descritas y las disposiciones legales aplicables. Una vez concluido dicho periodo, los datos ser\u00e1n eliminados o anonimizados.<\/span><\/p>\t\t\t\t\t\t\t\t<\/div>\n\t\t\t\t\t<\/div>\n\t\t\t\t<\/div>\n\t\t<div class=\"elementor-element elementor-element-e116472 e-flex e-con-boxed e-con e-parent\" data-id=\"e116472\" data-element_type=\"container\">\n\t\t\t\t\t<div class=\"e-con-inner\">\n\t\t\t\t<div class=\"elementor-element elementor-element-67bbdeb elementor-widget elementor-widget-text-editor\" data-id=\"67bbdeb\" data-element_type=\"widget\" data-widget_type=\"text-editor.default\">\n\t\t\t\t\t\t\t\t\t<h4><span style=\"color: #000000;\">10. Modificaciones a la Pol\u00edtica de Privacidad<\/span><\/h4>\n<p data-start=\"5210\" data-end=\"5392\"><span style=\"color: #000000;\">Z\u00edgnus se reserva el derecho de modificar la presente Pol\u00edtica de Privacidad en cualquier momento. Las modificaciones ser\u00e1n publicadas en el portal oficial <strong data-start=\"5366\" data-end=\"5391\">https:\/\/www.zignus.mx<\/strong>.<\/span><\/p>\t\t\t\t\t\t\t\t<\/div>\n\t\t\t\t\t<\/div>\n\t\t\t\t<\/div>\n\t\t<div class=\"elementor-element elementor-element-eb08de2 e-flex e-con-boxed e-con e-parent\" data-id=\"eb08de2\" data-element_type=\"container\">\n\t\t\t\t\t<div class=\"e-con-inner\">\n\t\t\t\t<div class=\"elementor-element elementor-element-52bbad0 elementor-widget elementor-widget-text-editor\" data-id=\"52bbad0\" data-element_type=\"widget\" data-widget_type=\"text-editor.default\">\n\t\t\t\t\t\t\t\t\t<h4>10. Consentimiento<\/h4>\n<p data-start=\"5422\" data-end=\"5593\"><span style=\"color: #000000;\">El uso de la plataforma Z\u00edgnus implica el <strong data-start=\"5464\" data-end=\"5502\">consentimiento expreso del titular<\/strong> para el tratamiento de sus datos personales conforme a la presente Pol\u00edtica de Privacidad.<\/span><\/p>\t\t\t\t\t\t\t\t<\/div>\n\t\t\t\t\t<\/div>\n\t\t\t\t<\/div>\n\t\t<div class=\"elementor-element elementor-element-d8e5822 e-flex e-con-boxed e-con e-parent\" data-id=\"d8e5822\" data-element_type=\"container\">\n\t\t\t\t\t<div class=\"e-con-inner\">\n\t\t\t\t<div class=\"elementor-element elementor-element-faac7b1 elementor-widget elementor-widget-text-editor\" data-id=\"faac7b1\" data-element_type=\"widget\" data-widget_type=\"text-editor.default\">\n\t\t\t\t\t\t\t\t\t<p style=\"text-align: right;\">\u00daltima actualizaci\u00f3n: 26-01-26<\/p>\t\t\t\t\t\t\t\t<\/div>\n\t\t\t\t\t<\/div>\n\t\t\t\t<\/div>\n\t\t\t\t<\/div>\n\t\t","protected":false},"excerpt":{"rendered":"<p>Pol\u00edtica de privacidad de Zignus.mx Responsable de la protecci\u00f3n de tus datos personales BrainTech S.A.P.I. de C.V., y\/o cualquiera de sus subsidiarias y\/o afiliadas (en lo sucesivo \u201cZ\u00edgnus\u201d), con domicilio&#8230;<\/p>\n","protected":false},"author":1,"featured_media":0,"parent":0,"menu_order":0,"comment_status":"closed","ping_status":"open","template":"elementor_header_footer","meta":{"footnotes":""},"class_list":["post-3","page","type-page","status-publish"],"_links":{"self":[{"href":"https:\/\/zignus.mx\/index.php\/wp-json\/wp\/v2\/pages\/3","targetHints":{"allow":["GET"]}}],"collection":[{"href":"https:\/\/zignus.mx\/index.php\/wp-json\/wp\/v2\/pages"}],"about":[{"href":"https:\/\/zignus.mx\/index.php\/wp-json\/wp\/v2\/types\/page"}],"author":[{"embeddable":true,"href":"https:\/\/zignus.mx\/index.php\/wp-json\/wp\/v2\/users\/1"}],"replies":[{"embeddable":true,"href":"https:\/\/zignus.mx\/index.php\/wp-json\/wp\/v2\/comments?post=3"}],"version-history":[{"count":3,"href":"https:\/\/zignus.mx\/index.php\/wp-json\/wp\/v2\/pages\/3\/revisions"}],"predecessor-version":[{"id":39,"href":"https:\/\/zignus.mx\/index.php\/wp-json\/wp\/v2\/pages\/3\/revisions\/39"}],"wp:attachment":[{"href":"https:\/\/zignus.mx\/index.php\/wp-json\/wp\/v2\/media?parent=3"}],"curies":[{"name":"wp","href":"https:\/\/api.w.org\/{rel}","templated":true}]}}